{"id":95,"date":"2017-02-18T12:22:14","date_gmt":"2017-02-18T12:22:14","guid":{"rendered":"http:\/\/wp1.themexlab.com\/newwp\/satek\/?page_id=95"},"modified":"2021-09-18T06:28:41","modified_gmt":"2021-09-18T06:28:41","slug":"about-us","status":"publish","type":"page","link":"https:\/\/www.swiftjet.eu\/fr\/about-us\/","title":{"rendered":"\u00c0 propos de"},"content":{"rendered":"<p><section class=\"kc-elm kc-css-660071 kc_row\"><div class=\"kc-row-container  kc-container\"><div class=\"kc-wrap-columns\"><div class=\"kc-elm kc-css-752398 kc_col-sm-6 kc_column kc_col-sm-6\"><div class=\"kc-col-container\"><div class=\"kc-elm kc-css-832496 kc_shortcode kc_single_image\">\n\n        <img decoding=\"async\" src=\"https:\/\/www.swiftjet.eu\/wp-content\/uploads\/2021\/09\/2.jpg\" class=\"\" alt=\"\" \/>    <\/div>\n<\/div><\/div><div class=\"kc-elm kc-css-155417 kc_col-sm-6 kc_column kc_col-sm-6\"><div class=\"kc-col-container\"><div class=\"kc-elm kc-css-811494 kc_text_block\"><\/p>\n<h2>\u00c0 propos de Swiftjet<\/h2>\n<p>Nos programmes de formation de copilote ont \u00e9t\u00e9 lanc\u00e9s en 2020 pour donner \u00e0 des pilotes d\u00e9butants sans exp\u00e9rience dans le domaine de l'aviation, originaires de nombreuses r\u00e9gions (Union europ\u00e9enne, \u00c9tats-Unis, Asie, etc.), l'occasion unique d'obtenir un emploi ou une exp\u00e9rience de copilote dans une compagnie a\u00e9rienne au cours d'op\u00e9rations de vol commercial r\u00e9elles. Il ne s'agit pas d'heures de vol en simulateur ou dans une \u00e9cole de pilotage, mais plut\u00f4t de l'exp\u00e9rience qui ne peut \u00eatre acquise que dans des situations de vol r\u00e9elles en ligne avec des compagnies a\u00e9riennes en tant que premier officier.\n\nTraduit avec www.DeepL.com\/Translator (version gratuite)<\/p>\n<p>Nos programmes uniques de formation de copilote de compagnie a\u00e9rienne se d\u00e9roulent pendant les op\u00e9rations commerciales r\u00e9elles des compagnies a\u00e9riennes, car aucune formation sur simulateur ou formation g\u00e9n\u00e9rale en aviation dans une \u00e9cole de pilotage ne peut remplacer une exp\u00e9rience r\u00e9elle dans une compagnie a\u00e9rienne. Cette exp\u00e9rience unique r\u00e9pond et d\u00e9passe les exigences d'embauche de la plupart des compagnies a\u00e9riennes dans le monde, lorsqu'elle ne comprend pas d\u00e9j\u00e0 un emploi direct aupr\u00e8s de nos compagnies partenaires en Europe, aux \u00c9tats-Unis ou en Asie.<\/p>\n<p>Actuellement, le nombre d'avions utilis\u00e9s pour <b>Swiftjet<\/b>Les programmes avanc\u00e9s d'emploi et d'exp\u00e9rience des copilotes pour les pilotes \u00e0 temps r\u00e9duit avec les compagnies a\u00e9riennes partenaires sous contrat augmentent chaque ann\u00e9e. Avec les nouveaux programmes d'emploi et d'exp\u00e9rience qui se profilent \u00e0 l'horizon, un effort continu pour construire de nouveaux programmes est une t\u00e2che sans fin \u00e0 <b>Swiftjet<\/b>.<\/p>\n<\/p>\n<p>S.A.S. SwiftJet&nbsp;<br \/>78 Avenue des champs-Elys\u00e9es, 75008 PARIS &#8211; FRANCE<br \/>903168813 RCS Paris<\/p>\n<p>\n<\/div><\/div><\/div><\/div><\/div><\/section><section class=\"kc-elm kc-css-913070 kc_row\"><div class=\"kc-row-container\"><div class=\"kc-wrap-columns\"><div class=\"kc-elm kc-css-578553 kc_col-sm-12 kc_column kc_col-sm-12\"><div class=\"kc-col-container\">\n<div class=\"kc-elm kc-css-579247 kc-call-to-action kc-cta-3\">\n\n\t<div class=\"kc-cta-desc\"><h2>Notre jet lourd<\/h2><div class=\"kc-cta-text\">Nos programmes pour avions lourds se d\u00e9roulent principalement sur l'A320 et le B737 NG, s'adressent aux pilotes d\u00e9butants, sont bas\u00e9s dans la r\u00e9gion europ\u00e9enne et en Asie et se d\u00e9roulent avec nos compagnies a\u00e9riennes partenaires. Ils comprennent l'emploi direct, la qualification de type + emploi ou l'exp\u00e9rience\/la formation en ligne.<\/div><\/div>\n<\/div>\n\n<div class=\"kc-elm kc-css-394811 kc-call-to-action kc-cta-3\">\n\n\t<div class=\"kc-cta-desc\"><h2>Notre multi \u00e9quipage certifi\u00e9<\/h2><div class=\"kc-cta-text\">Nos programmes de certification des copilotes de jets r\u00e9gionaux et de turbopropulseurs lourds en \u00e9quipage multiple, destin\u00e9s aux pilotes peu exp\u00e9riment\u00e9s de la FAA de n'importe quel pays et bas\u00e9s pr\u00e8s des \u00c9tats-Unis, offrent aux pilotes la possibilit\u00e9 d'acqu\u00e9rir une exp\u00e9rience de copilote certifi\u00e9 en \u00e9quipage multiple, y compris dans les op\u00e9rations \u00e0 destination et au d\u00e9part de grands a\u00e9roports internationaux. Tout pilote titulaire d'une licence FAA a acc\u00e8s \u00e0 ces programmes. Si un pilote ne poss\u00e8de pas de licence FAA, un court cours de conversion de licence est n\u00e9cessaire et peut \u00eatre suivi dans n'importe quelle \u00e9cole de vol FAA Part 141 du choix du pilote ou dans l'une de nos \u00e9coles de vol partenaires de la FAA. Cette exp\u00e9rience de copilote en \u00e9quipage multiple a \u00e9t\u00e9 tr\u00e8s appr\u00e9ci\u00e9e par les nombreuses compagnies a\u00e9riennes du monde entier qui ont engag\u00e9 nos pilotes pendant ou \u00e0 la fin de leur programme depuis 1996. Au cours des 9 derni\u00e8res ann\u00e9es, de nombreux cadets ont \u00e9t\u00e9 envoy\u00e9s \u00e0 Swiftjet par leur compagnie a\u00e9rienne \u00e9trang\u00e8re pour suivre nos programmes de formation de copilote de ligne certifi\u00e9 en \u00e9quipage multiple, imm\u00e9diatement apr\u00e8s l'obtention de leur licence de pilote professionnel avec qualification aux instruments et multimoteurs.<\/div><\/div>\n<\/div>\n\n<div class=\"kc-elm kc-css-702909 kc-call-to-action kc-cta-3\">\n\n\t<div class=\"kc-cta-desc\"><h2>Notre soci\u00e9t\u00e9, bas\u00e9e aux \u00c9tats-Unis<\/h2><div class=\"kc-cta-text\">Nos programmes d'aviation d'affaires \u00e0 \u00e9quipage multiple et \u00e0 turbopropulseurs lourds, bas\u00e9s aux \u00c9tats-Unis, s'adressent aux citoyens am\u00e9ricains et aux d\u00e9tenteurs de cartes vertes poss\u00e9dant une licence FAA et se d\u00e9roulent aupr\u00e8s de nos partenaires FAA Part 135. Ils comprennent la qualification de type et l'emploi de premier officier. Les compagnies a\u00e9riennes r\u00e9gionales am\u00e9ricaines (FAA Part 121) donnent la priorit\u00e9 d'embauche aux pilotes qui sont d\u00e9j\u00e0 exp\u00e9riment\u00e9s et familiers avec l'environnement op\u00e9rationnel des compagnies a\u00e9riennes sur des avions \u00e0 turbine certifi\u00e9s \u00e0 \u00e9quipage multiple avant d'investir un montant financier substantiel dans leur formation sur jet r\u00e9gional.<\/div><\/div>\n<\/div>\n\n<div class=\"kc-elm kc-css-551777 kc-call-to-action kc-cta-3\">\n\n\t<div class=\"kc-cta-desc\"><h2>Merci<\/h2><div class=\"kc-cta-text\">Nous vous remercions d'avoir pris le temps de visiter notre site web et nous appr\u00e9cions l'int\u00e9r\u00eat que vous portez \u00e0 nos nombreux programmes d'emploi et d'exp\u00e9rience de copilote de compagnie a\u00e9rienne professionnelle.<\/div><\/div>\n<\/div>\n<\/div><\/div><\/div><\/div><\/section><section class=\"kc-elm kc-css-371951 kc_row\"><div class=\"kc-row-container\"><div class=\"kc-wrap-columns\"><div class=\"kc-elm kc-css-923038 kc_col-sm-6 kc_column kc_col-sm-6\"><div class=\"kc-col-container\">\n<div class=\"kc-elm kc-css-476868 kc-call-to-action kc-cta-2\">\n\n\t<div class=\"kc-cta-desc\"><h2>D\u00e9claration de mission<\/h2><div class=\"kc-cta-text\">Main objective is to complete your initial career goal of getting hired by an airline in the most economical, professional, and above all, the safest manner possible in the shortest period of time.\r\n\r\nSince the beginning of our airline first officer programs in 2020, pilots have been hired by airlines worldwide while attending one of our programs or shortly after its completion.<\/div><\/div>\n<\/div>\n<\/div><\/div><div class=\"kc-elm kc-css-712000 kc_col-sm-6 kc_column kc_col-sm-6\"><div class=\"kc-col-container\"><div class=\"kc-elm kc-css-71161 kc_shortcode kc_single_image\">\n\n        <img decoding=\"async\" src=\"https:\/\/www.swiftjet.eu\/wp-content\/uploads\/2021\/09\/airplane-silhouette-flying-across-golden-skies-SCJPK7N-scaled.jpg\" class=\"\" alt=\"\" \/>    <\/div>\n<\/div><\/div><\/div><\/div><\/section><section class=\"kc-elm kc-css-262391 kc_row\"><div class=\"kc-row-container  kc-container\"><div class=\"kc-wrap-columns\"><div class=\"kc-elm kc-css-562888 kc_col-sm-12 kc_column kc_col-sm-12\"><div class=\"kc-col-container\">\r\n  \r\n\r\n<!--Services Section-->\r\n<section class=\"services-section why-us\">\r\n\t<div class=\"auto-container\">\r\n\t\r\n\t\t<!--Sec Title-->\r\n\t\t<div class=\"sec-title\">\r\n\t\t\t<h2>Pourquoi nous choisir<\/h2>\r\n\t\t\t<h3>We are the best<\/h3>\r\n\t\t<\/div>\r\n\t\r\n\t\t<div class=\"row clearfix\">\r\n\t\t\t\r\n\t\t\t\t\t\t\t<!--Service Block-->\r\n\t\t\t\t<div class=\"service-block col-md-4 col-sm-6 col-xs-12\">\r\n\t\t\t\t\t<div class=\"inner\">\r\n\t\t\t\t\t\t<div class=\"icon-box\"><span class=\"fa fa-money\"><\/span><\/div>\r\n\t\t\t\t\t\t<h3>Location de jet d'affaires<\/h3>\r\n\t\t\t\t\t\t<div class=\"text\">Louer un jet d'affaires avec SwiftJet en partenariat avec Jet-VIP.com<\/div>\r\n\t\t\t\t\t<\/div>\r\n\t\t\t\t<\/div>\r\n\t\t\t\t\t\t\t<!--Service Block-->\r\n\t\t\t\t<div class=\"service-block col-md-4 col-sm-6 col-xs-12\">\r\n\t\t\t\t\t<div class=\"inner\">\r\n\t\t\t\t\t\t<div class=\"icon-box\"><span class=\"fa fa-file-text-o\"><\/span><\/div>\r\n\t\t\t\t\t\t<h3>Swiftjet Charter<\/h3>\r\n\t\t\t\t\t\t<div class=\"text\">La location d'un charter Swiftjet est la solution id\u00e9ale pour ceux qui appr\u00e9cient leur temps.<\/div>\r\n\t\t\t\t\t<\/div>\r\n\t\t\t\t<\/div>\r\n\t\t\t\t\t\t\t<!--Service Block-->\r\n\t\t\t\t<div class=\"service-block col-md-4 col-sm-6 col-xs-12\">\r\n\t\t\t\t\t<div class=\"inner\">\r\n\t\t\t\t\t\t<div class=\"icon-box\"><span class=\"fa fa-star-o\"><\/span><\/div>\r\n\t\t\t\t\t\t<h3>Assistance<\/h3>\r\n\t\t\t\t\t\t<div class=\"text\">Le service d'assistance Swiftjet offre des possibilit\u00e9s quasi illimit\u00e9es.<\/div>\r\n\t\t\t\t\t<\/div>\r\n\t\t\t\t<\/div>\r\n\t\t\t\t\t\t\r\n\t\t<\/div>\r\n\t\t\r\n\t<\/div>\r\n<\/section>\r\n<!--End Services Section-->\r\n\r\n\r\n<\/div><\/div><\/div><\/div><\/section><section class=\"kc-elm kc-css-455355 kc_row\"><div class=\"kc-row-container\"><div class=\"kc-wrap-columns\"><div class=\"kc-elm kc-css-658238 kc_col-sm-12 kc_column kc_col-sm-12\"><div class=\"kc-col-container\"><!--NewsLetter-->\r\n<section class=\"newsletter-section\" style=\"background-image:url(https:\/\/www.swiftjet.eu\/wp-content\/uploads\/2021\/09\/airplane-1807486_1920-1.jpg);\">\r\n\t<div class=\"auto-container\">\r\n\t\t<h2>Subscribe Our Newsletter<\/h2>\r\n\t\t<div class=\"text\">Lorem Ipsum is simply dummy text of the printing and typesetting Lorem Ipsum dummy text<\/div>\r\n\t\t\t\t<a class=\"theme-btn btn-style-two\" href=\"#\" target=\"_blank\">Subscribe<\/a>\r\n\t<\/div>\r\n<\/section>\r\n<!--End NewsLetter--><\/div><\/div><\/div><\/div><\/section><\/p>","protected":false},"excerpt":{"rendered":"","protected":false},"author":1,"featured_media":0,"parent":0,"menu_order":0,"comment_status":"closed","ping_status":"closed","template":"tpl-king_composer.php","meta":{"footnotes":""},"class_list":["post-95","page","type-page","status-publish","hentry"],"_links":{"self":[{"href":"https:\/\/www.swiftjet.eu\/fr\/wp-json\/wp\/v2\/pages\/95","targetHints":{"allow":["GET"]}}],"collection":[{"href":"https:\/\/www.swiftjet.eu\/fr\/wp-json\/wp\/v2\/pages"}],"about":[{"href":"https:\/\/www.swiftjet.eu\/fr\/wp-json\/wp\/v2\/types\/page"}],"author":[{"embeddable":true,"href":"https:\/\/www.swiftjet.eu\/fr\/wp-json\/wp\/v2\/users\/1"}],"replies":[{"embeddable":true,"href":"https:\/\/www.swiftjet.eu\/fr\/wp-json\/wp\/v2\/comments?post=95"}],"version-history":[{"count":42,"href":"https:\/\/www.swiftjet.eu\/fr\/wp-json\/wp\/v2\/pages\/95\/revisions"}],"predecessor-version":[{"id":718,"href":"https:\/\/www.swiftjet.eu\/fr\/wp-json\/wp\/v2\/pages\/95\/revisions\/718"}],"wp:attachment":[{"href":"https:\/\/www.swiftjet.eu\/fr\/wp-json\/wp\/v2\/media?parent=95"}],"curies":[{"name":"wp","href":"https:\/\/api.w.org\/{rel}","templated":true}]}}