{"id":515,"date":"2021-09-09T23:09:50","date_gmt":"2021-09-09T23:09:50","guid":{"rendered":"https:\/\/www.swiftjet.eu\/?page_id=515"},"modified":"2021-09-24T05:29:32","modified_gmt":"2021-09-24T05:29:32","slug":"general-info","status":"publish","type":"page","link":"https:\/\/www.swiftjet.eu\/fr\/general-info\/","title":{"rendered":"Training Info"},"content":{"rendered":"<p><section class=\"kc-elm kc-css-89099 kc_row\"><div class=\"kc-row-container  kc-container\"><div class=\"kc-wrap-columns\"><div class=\"kc-elm kc-css-391790 kc_col-sm-4 kc_column kc_col-sm-4\"><div class=\"kc-col-container\"><div class=\"kc-elm kc-css-645027 kc_shortcode kc_single_image\">\n\n        <img decoding=\"async\" src=\"https:\/\/www.swiftjet.eu\/wp-content\/uploads\/2021\/09\/A320-Cockpit.jpg\" class=\"\" alt=\"\" \/>    <\/div>\n<\/div><\/div><div class=\"kc-elm kc-css-473642 kc_col-sm-8 kc_column kc_col-sm-8\"><div class=\"kc-col-container\"><div class=\"kc-elm kc-css-404302 kc_text_block\"><\/p>\n<h2 style=\"text-align: left;\" align=\"center\">Type Rating + AIRBUS A319 A320 A321 TRAINING<\/h2>\n<div>\n<div>1000 HOURS PROGRAM<\/div>\n<div>500\u00a0<span style=\"font-style: inherit;\">HOURS PROGRAM<\/span><\/div>\n<div><span style=\"font-style: inherit;\">300\u00a0<\/span><span style=\"font-style: inherit;\">HOURS PROGRAM<\/span><\/div>\n<div><\/div>\n<\/div>\n<div>\n<h2><span style=\"font-style: inherit;\">Type Rating +\u00a0<\/span>BOEING 737NG \/ MAX\u00a0 TRAINING<\/h2>\n<\/div>\n<div>\n<div>1000 HOURS PROGRAM<\/div>\n<div>500\u00a0<span style=\"font-style: inherit;\">HOURS PROGRAM<\/span><\/div>\n<div><span style=\"font-style: inherit;\">300\u00a0<\/span><span style=\"font-style: inherit;\">HOURS PROGRAM<\/span><\/div>\n<div><span style=\"font-style: inherit;\">\u00a0<\/span><\/div>\n<\/div>\n<p>\n<\/div><\/div><\/div><\/div><\/div><\/section><section class=\"kc-elm kc-css-666705 kc_row\"><div class=\"kc-row-container  kc-container\"><div class=\"kc-wrap-columns\"><div class=\"kc-elm kc-css-746589 kc_col-sm-4 kc_column kc_col-sm-4\"><div class=\"kc-col-container\"><div class=\"kc-elm kc-css-868586 kc_shortcode kc_single_image\">\n\n        <img decoding=\"async\" src=\"https:\/\/www.swiftjet.eu\/wp-content\/uploads\/2021\/09\/thrust-levers-in-cockpit-or-pilot-cabin-of-airplan-FVFWW86-scaled.jpg\" class=\"\" alt=\"\" \/>    <\/div>\n<\/div><\/div><div class=\"kc-elm kc-css-218100 kc_col-sm-8 kc_column kc_col-sm-8\"><div class=\"kc-col-container\"><div class=\"kc-elm kc-css-262699 kc_text_block\"><\/p>\n<h2 style=\"text-align: left;\" align=\"center\">AIRBUS A319 A320 A321 TRAINING<\/h2>\n<div style=\"color: #444444; font-weight: 400;\">\n<div>1000 HOURS PROGRAM<\/div>\n<div>500&nbsp;<span style=\"font-style: inherit;\">HOURS PROGRAM<\/span><\/div>\n<div><span style=\"font-style: inherit;\">300&nbsp;<\/span><span style=\"font-style: inherit;\">HOURS PROGRAM<\/span><\/div>\n<div>\n<div><\/div>\n<\/div>\n<\/div>\n<h2>BOEING 737NG \/ MAX&nbsp; TRAINING<\/h2>\n<div style=\"color: #444444; font-weight: 400;\">&nbsp;<span style=\"font-style: inherit;\">1000 HOURS PROGRAM<\/span><\/div>\n<div style=\"color: #444444; font-weight: 400;\">\n<div>\n<div>500&nbsp;<span style=\"font-style: inherit;\">HOURS PROGRAM<\/span><\/div>\n<div><span style=\"font-style: inherit;\">300&nbsp;<\/span><span style=\"font-style: inherit;\">HOURS PROGRAM<\/span><\/div>\n<div><span style=\"font-style: inherit;\">&nbsp;<\/span><\/div>\n<\/div>\n<\/div>\n<h2><\/h2>\n<ul class=\"list\" style=\"text-align: left;\">\n<li>Launch your airline pilot career by obtaining the airline First Officer experience on multi crew certified aircraft the airlines are looking for. Once approved, pilots complete the type rating course with a training facility certified by the Aviation Authority which has issued their license and then complete the Airline Operator Conversion Course followed by First Officer experience .<\/li>\n<\/ul>\n<p>\n<\/div><\/div><\/div><\/div><\/div><\/section><section class=\"kc-elm kc-css-146869 kc_row\"><div class=\"kc-row-container  kc-container\"><div class=\"kc-wrap-columns\"><div class=\"kc-elm kc-css-566558 kc_col-sm-4 kc_column kc_col-sm-4\"><div class=\"kc-col-container\"><div class=\"kc-elm kc-css-178708 kc_shortcode kc_single_image\">\n\n        <img decoding=\"async\" src=\"https:\/\/www.swiftjet.eu\/wp-content\/uploads\/2021\/09\/airplane-silhouette-flying-across-golden-skies-SCJPK7N-scaled.jpg\" class=\"\" alt=\"\" \/>    <\/div>\n<\/div><\/div><div class=\"kc-elm kc-css-434731 kc_col-sm-8 kc_column kc_col-sm-8\"><div class=\"kc-col-container\"><div class=\"kc-elm kc-css-360905 kc_text_block\"><\/p>\n<h2 style=\"text-align: left;\" align=\"center\">BACK TO THE FLIGHTDECK PROGRAM \/ RECOVERY<\/h2>\n<h4 style=\"text-align: left;\">FOR EXPERIENCED PILOT WHO JUST NEED 50 \/ 100 HOURS FOR RECENT FLIGHT TIME REQUIEREMENT<\/h4>\n<ul class=\"list4\">\n<li><\/li>\n<li>Build quality recent PIC time to meet the airlines and executive companies flight time requirements.<\/li>\n<\/ul>\n<p>\n<\/div><\/div><\/div><\/div><\/div><\/section><section class=\"kc-elm kc-css-375618 kc_row\"><div class=\"kc-row-container  kc-container\"><div class=\"kc-wrap-columns\"><div class=\"kc-elm kc-css-645998 kc_col-sm-12 kc_column kc_col-sm-12\"><div class=\"kc-col-container\"><!--Wellness Spa-->\r\n<section class=\"wellness-spa\">\r\n\t<div class=\"auto-container\">\t\r\n\t\t<div class=\"row clearfix\">\r\n\t\t\t<!--Image Column-->\r\n\t\t\t<div class=\"image-column col-md-6 col-sm-12 col-xs-12\">\r\n\t\t\t\t<figure class=\"image-box\">\r\n\t\t\t\t\t<img decoding=\"async\" src=\"https:\/\/www.swiftjet.eu\/wp-content\/uploads\/2021\/09\/about-1024x576.jpg\" alt=\"Image\" \/>\r\n\t\t\t\t<\/figure>\r\n\t\t\t<\/div>\r\n\t\t\t<!--Content Column-->\r\n\t\t\t<div class=\"content-column col-md-6 col-sm-12 col-xs-12\">\r\n\t\t\t\t<h3><h3 style=\"text-align: left\">PROGRAMME DE RENFORCEMENT DU TEMPS DE COMMANDEMENT DES PILOTES MULTI-MOTEURS ET MULTI-TURBINES AUX USA<\/h3>\r\n<strong>TOUTE NATIONALIT\u00c9\nDOIT \u00caTRE TITULAIRE D'UNE LICENCE DE PILOTE PROFESSIONNEL DE LA FAA AVEC QUALIFICATIONS AUX INSTRUMENTS ET MULTIMOTEURS\nPAS DE TEMPS DE VOL MINIMUM REQUIS<\/strong><\/h3>\r\n\t\t\t\t<div class=\"text\">\r\n\t\t\t\t\t<ul class=\"list4\">\r\n<li>Bloc d'heures de PIC personnalis\u00e9 \u00e0 seulement 79 \u00e0 99 dollars US par heure en tant que seul manipulateur des commandes.<\/li>\r\n<li>Construire un temps PIC de qualit\u00e9 pour r\u00e9pondre aux exigences des compagnies a\u00e9riennes et des soci\u00e9t\u00e9s d'ex\u00e9cution en mati\u00e8re de temps de vol.<\/li>\r\n<\/ul>\r\n\t\t\t\t<\/div>\r\n\t\t\t<\/div>\r\n\t\t<\/div>\r\n\t<\/div>\r\n<\/section>\r\n<!--End Wellness Spa--><\/div><\/div><\/div><\/div><\/section><section class=\"kc-elm kc-css-389037 kc_row\"><div class=\"kc-row-container  kc-container\"><div class=\"kc-wrap-columns\"><div class=\"kc-elm kc-css-313035 kc_col-sm-12 kc_column kc_col-sm-12\"><div class=\"kc-col-container\"><!--Wellness Spa-->\r\n<section class=\"wellness-spa\">\r\n\t<div class=\"auto-container\">\t\r\n\t\t<div class=\"row clearfix\">\r\n\t\t\t<!--Image Column-->\r\n\t\t\t<div class=\"image-column col-md-6 col-sm-12 col-xs-12\">\r\n\t\t\t\t<figure class=\"image-box\">\r\n\t\t\t\t\t<img decoding=\"async\" src=\"https:\/\/www.swiftjet.eu\/wp-content\/uploads\/2021\/09\/A320-B737-NG.jpg\" alt=\"Image\" \/>\r\n\t\t\t\t<\/figure>\r\n\t\t\t<\/div>\r\n\t\t\t<!--Content Column-->\r\n\t\t\t<div class=\"content-column col-md-6 col-sm-12 col-xs-12\">\r\n\t\t\t\t<h3><h3>EMPLOI DE COPILOTE D'AVION D'AFFAIRES OU DE TURBOPROPULSEUR LOURD CERTIFI\u00c9 MULTI-\u00c9QUIPAGE AFIN D'ATTEINDRE LES 1500 HEURES REQUISES PAR LES COMPAGNIES A\u00c9RIENNES R\u00c9GIONALES PART 121<\/h3>\r\n\r\n<h5 style=\"text-align: left\"><strong>DOIT \u00caTRE CITOYEN AM\u00c9RICAIN OU TITULAIRE D'UNE CARTE VERTE\nVOUS DEVEZ \u00caTRE TITULAIRE D'UNE LICENCE DE PILOTE PROFESSIONNEL DE LA FAA AVEC QUALIFICATIONS AUX INSTRUMENTS ET MULTIMOTEURS\nAUCUN TEMPS DE VOL MINIMUM N'EST REQUIS<\/strong><\/h5><\/h3>\r\n\t\t\t\t<div class=\"text\">\r\n\t\t\t\t\t<p>Le turbor\u00e9acteur d'affaires et le turbopropulseur lourd utilis\u00e9s pendant le programme d'emploi sont des avions certifi\u00e9s \u00e0 \u00e9quipage multiple. Le temps de vol effectu\u00e9 en tant que copilote\/SIC sur ces avions est cr\u00e9dit\u00e9 pour les exigences de temps de vol de l'ATP de la FAA.<\/p>\r\n\t\t\t\t<\/div>\r\n\t\t\t<\/div>\r\n\t\t<\/div>\r\n\t<\/div>\r\n<\/section>\r\n<!--End Wellness Spa--><\/div><\/div><\/div><\/div><\/section><section class=\"kc-elm kc-css-538219 kc_row\"><div class=\"kc-row-container\"><div class=\"kc-wrap-columns\"><div class=\"kc-elm kc-css-551601 kc_col-sm-12 kc_column kc_col-sm-12\"><div class=\"kc-col-container\"><!--Pricing Section-->\r\n<section class=\"pricing-section\">\r\n\t<div class=\"auto-container\">\r\n\t\t<h2>We Have Different Pricing for Your Needs<\/h2>\r\n\t\t<div class=\"row clearfix\">\r\n\t\t\r\n\t\t\t\t\t\t\t<!--Price Box-->\r\n\t\t\t\t<div class=\"price-box col-md-4 col-sm-6 col-xs-12\">\r\n\t\t\t\t\t<div class=\"inner-box\">\r\n\t\t\t\t\t\t<h3>Standard Spa<\/h3>\r\n\t\t\t\t\t\t<div class=\"text\">When a unknown printer into took galley type scrambled make also an specimen great book<\/div>\r\n\t\t\t\t\t\t<div class=\"price\">$70<\/div>\r\n\t\t\t\t\t<\/div>\r\n\t\t\t\t<\/div>\r\n\t\t\t\t\t\t\t<!--Price Box-->\r\n\t\t\t\t<div class=\"price-box col-md-4 col-sm-6 col-xs-12\">\r\n\t\t\t\t\t<div class=\"inner-box\">\r\n\t\t\t\t\t\t<h3>Premium Spa<\/h3>\r\n\t\t\t\t\t\t<div class=\"text\">When a unknown printer into took galley type scrambled make also an specimen great book<\/div>\r\n\t\t\t\t\t\t<div class=\"price\">$125<\/div>\r\n\t\t\t\t\t<\/div>\r\n\t\t\t\t<\/div>\r\n\t\t\t\t\t\t\t<!--Price Box-->\r\n\t\t\t\t<div class=\"price-box col-md-4 col-sm-6 col-xs-12\">\r\n\t\t\t\t\t<div class=\"inner-box\">\r\n\t\t\t\t\t\t<h3>Ultimate Spa<\/h3>\r\n\t\t\t\t\t\t<div class=\"text\">When a unknown printer into took galley type scrambled make also an specimen great book<\/div>\r\n\t\t\t\t\t\t<div class=\"price\">$240<\/div>\r\n\t\t\t\t\t<\/div>\r\n\t\t\t\t<\/div>\r\n\t\t\t\t\t\t\r\n\t\t<\/div>\r\n\t<\/div>\r\n<\/section>\r\n<!--End Pricing Section--><\/div><\/div><\/div><\/div><\/section><section class=\"kc-elm kc-css-281471 kc_row\"><div class=\"kc-row-container\"><div class=\"kc-wrap-columns\"><div class=\"kc-elm kc-css-583060 kc_col-sm-12 kc_column kc_col-sm-12\"><div class=\"kc-col-container\"><!--NewsLetter-->\r\n<section class=\"newsletter-section\" style=\"background-image:url(https:\/\/www.swiftjet.eu\/wp-content\/uploads\/2021\/09\/airplane-1807486_1920-1.jpg);\">\r\n\t<div class=\"auto-container\">\r\n\t\t<h2>Subscribe Our Newsletter<\/h2>\r\n\t\t<div class=\"text\">Lorem Ipsum is simply dummy text of the printing and typesetting Lorem Ipsum dummy text<\/div>\r\n\t\t\t\t<a class=\"theme-btn btn-style-two\" href=\"#\" target=\"_blank\">Subscribe<\/a>\r\n\t<\/div>\r\n<\/section>\r\n<!--End NewsLetter--><\/div><\/div><\/div><\/div><\/section><\/p>","protected":false},"excerpt":{"rendered":"","protected":false},"author":1,"featured_media":0,"parent":0,"menu_order":0,"comment_status":"closed","ping_status":"closed","template":"tpl-king_composer.php","meta":{"footnotes":""},"class_list":["post-515","page","type-page","status-publish","hentry"],"_links":{"self":[{"href":"https:\/\/www.swiftjet.eu\/fr\/wp-json\/wp\/v2\/pages\/515","targetHints":{"allow":["GET"]}}],"collection":[{"href":"https:\/\/www.swiftjet.eu\/fr\/wp-json\/wp\/v2\/pages"}],"about":[{"href":"https:\/\/www.swiftjet.eu\/fr\/wp-json\/wp\/v2\/types\/page"}],"author":[{"embeddable":true,"href":"https:\/\/www.swiftjet.eu\/fr\/wp-json\/wp\/v2\/users\/1"}],"replies":[{"embeddable":true,"href":"https:\/\/www.swiftjet.eu\/fr\/wp-json\/wp\/v2\/comments?post=515"}],"version-history":[{"count":40,"href":"https:\/\/www.swiftjet.eu\/fr\/wp-json\/wp\/v2\/pages\/515\/revisions"}],"predecessor-version":[{"id":733,"href":"https:\/\/www.swiftjet.eu\/fr\/wp-json\/wp\/v2\/pages\/515\/revisions\/733"}],"wp:attachment":[{"href":"https:\/\/www.swiftjet.eu\/fr\/wp-json\/wp\/v2\/media?parent=515"}],"curies":[{"name":"wp","href":"https:\/\/api.w.org\/{rel}","templated":true}]}}